{"id":38451,"date":"2026-03-19T12:26:26","date_gmt":"2026-03-19T17:26:26","guid":{"rendered":"https:\/\/codeq.qroo.gob.mx\/?page_id=38451"},"modified":"2026-03-19T12:35:51","modified_gmt":"2026-03-19T17:35:51","slug":"informacion-programatica","status":"publish","type":"page","link":"https:\/\/codeq.qroo.gob.mx\/index.php\/informacion-programatica\/","title":{"rendered":"INFORMACI\u00d3N PROGRAM\u00c1TICA"},"content":{"rendered":"\t\t<div data-elementor-type=\"wp-page\" data-elementor-id=\"38451\" class=\"elementor elementor-38451\">\n\t\t\t\t<div class=\"elementor-element elementor-element-bbeb099 e-flex e-con-boxed e-con e-parent\" data-id=\"bbeb099\" data-element_type=\"container\">\n\t\t\t\t\t<div class=\"e-con-inner\">\n\t\t\t\t<div class=\"elementor-element elementor-element-079f972 elementor-widget elementor-widget-spacer\" data-id=\"079f972\" data-element_type=\"widget\" data-widget_type=\"spacer.default\">\n\t\t\t\t<div class=\"elementor-widget-container\">\n\t\t\t\t\t\t\t<div class=\"elementor-spacer\">\n\t\t\t<div class=\"elementor-spacer-inner\"><\/div>\n\t\t<\/div>\n\t\t\t\t\t\t<\/div>\n\t\t\t\t<\/div>\n\t\t\t\t\t<\/div>\n\t\t\t\t<\/div>\n\t\t<div class=\"elementor-element elementor-element-972479c e-flex e-con-boxed e-con e-parent\" data-id=\"972479c\" data-element_type=\"container\">\n\t\t\t\t\t<div class=\"e-con-inner\">\n\t\t\t\t<div class=\"elementor-element elementor-element-ec94ed9 elementor-widget-divider--view-line elementor-widget elementor-widget-divider\" data-id=\"ec94ed9\" data-element_type=\"widget\" data-widget_type=\"divider.default\">\n\t\t\t\t<div class=\"elementor-widget-container\">\n\t\t\t\t\t\t\t<div class=\"elementor-divider\">\n\t\t\t<span class=\"elementor-divider-separator\">\n\t\t\t\t\t\t<\/span>\n\t\t<\/div>\n\t\t\t\t\t\t<\/div>\n\t\t\t\t<\/div>\n\t\t\t\t\t<\/div>\n\t\t\t\t<\/div>\n\t\t<div class=\"elementor-element elementor-element-61724a0 e-flex e-con-boxed e-con e-parent\" data-id=\"61724a0\" data-element_type=\"container\">\n\t\t\t\t\t<div class=\"e-con-inner\">\n\t\t\t\t<div class=\"elementor-element elementor-element-f6175df elementor-widget elementor-widget-heading\" data-id=\"f6175df\" data-element_type=\"widget\" data-widget_type=\"heading.default\">\n\t\t\t\t<div class=\"elementor-widget-container\">\n\t\t\t\t\t<h2 class=\"elementor-heading-title elementor-size-default\">2026<\/h2>\t\t\t\t<\/div>\n\t\t\t\t<\/div>\n\t\t\t\t\t<\/div>\n\t\t\t\t<\/div>\n\t\t<div class=\"elementor-element elementor-element-80c9238 e-flex e-con-boxed e-con e-parent\" data-id=\"80c9238\" data-element_type=\"container\">\n\t\t\t\t\t<div class=\"e-con-inner\">\n\t\t\t\t<div class=\"elementor-element elementor-element-73eeed3 elementor-widget elementor-widget-spacer\" data-id=\"73eeed3\" data-element_type=\"widget\" data-widget_type=\"spacer.default\">\n\t\t\t\t<div class=\"elementor-widget-container\">\n\t\t\t\t\t\t\t<div class=\"elementor-spacer\">\n\t\t\t<div class=\"elementor-spacer-inner\"><\/div>\n\t\t<\/div>\n\t\t\t\t\t\t<\/div>\n\t\t\t\t<\/div>\n\t\t\t\t\t<\/div>\n\t\t\t\t<\/div>\n\t\t<div class=\"elementor-element elementor-element-33fdf3a e-flex e-con-boxed e-con e-parent\" data-id=\"33fdf3a\" data-element_type=\"container\">\n\t\t\t\t\t<div class=\"e-con-inner\">\n\t\t\t\t<div class=\"elementor-element elementor-element-e77faff elementor-widget elementor-widget-n-accordion\" data-id=\"e77faff\" data-element_type=\"widget\" data-settings=\"{&quot;default_state&quot;:&quot;expanded&quot;,&quot;max_items_expended&quot;:&quot;one&quot;,&quot;n_accordion_animation_duration&quot;:{&quot;unit&quot;:&quot;ms&quot;,&quot;size&quot;:400,&quot;sizes&quot;:[]}}\" data-widget_type=\"nested-accordion.default\">\n\t\t\t\t<div class=\"elementor-widget-container\">\n\t\t\t\t\t\t\t<div class=\"e-n-accordion\" aria-label=\"Accordion. Open links with Enter or Space, close with Escape, and navigate with Arrow Keys\">\n\t\t\t\t\t\t<details id=\"e-n-accordion-item-2420\" class=\"e-n-accordion-item\" open>\n\t\t\t\t<summary class=\"e-n-accordion-item-title\" data-accordion-index=\"1\" tabindex=\"0\" aria-expanded=\"true\" aria-controls=\"e-n-accordion-item-2420\" >\n\t\t\t\t\t<span class='e-n-accordion-item-title-header'><div class=\"e-n-accordion-item-title-text\"> INDICADORES <\/div><\/span>\n\t\t\t\t\t\t\t<span class='e-n-accordion-item-title-icon'>\n\t\t\t<span class='e-opened' ><svg aria-hidden=\"true\" class=\"e-font-icon-svg e-fas-minus\" viewBox=\"0 0 448 512\" xmlns=\"http:\/\/www.w3.org\/2000\/svg\"><path d=\"M416 208H32c-17.67 0-32 14.33-32 32v32c0 17.67 14.33 32 32 32h384c17.67 0 32-14.33 32-32v-32c0-17.67-14.33-32-32-32z\"><\/path><\/svg><\/span>\n\t\t\t<span class='e-closed'><svg aria-hidden=\"true\" class=\"e-font-icon-svg e-fas-plus\" viewBox=\"0 0 448 512\" xmlns=\"http:\/\/www.w3.org\/2000\/svg\"><path d=\"M416 208H272V64c0-17.67-14.33-32-32-32h-32c-17.67 0-32 14.33-32 32v144H32c-17.67 0-32 14.33-32 32v32c0 17.67 14.33 32 32 32h144v144c0 17.67 14.33 32 32 32h32c17.67 0 32-14.33 32-32V304h144c17.67 0 32-14.33 32-32v-32c0-17.67-14.33-32-32-32z\"><\/path><\/svg><\/span>\n\t\t<\/span>\n\n\t\t\t\t\t\t<\/summary>\n\t\t\t\t<div role=\"region\" aria-labelledby=\"e-n-accordion-item-2420\" class=\"elementor-element elementor-element-26f5240 e-con-full e-flex e-con e-child\" data-id=\"26f5240\" data-element_type=\"container\">\n\t\t<div role=\"region\" aria-labelledby=\"e-n-accordion-item-2420\" class=\"elementor-element elementor-element-3a1f814 e-flex e-con-boxed e-con e-child\" data-id=\"3a1f814\" data-element_type=\"container\">\n\t\t\t\t\t<div class=\"e-con-inner\">\n\t\t\t\t<div class=\"elementor-element elementor-element-e496bcd elementor-widget elementor-widget-text-editor\" data-id=\"e496bcd\" data-element_type=\"widget\" data-widget_type=\"text-editor.default\">\n\t\t\t\t<div class=\"elementor-widget-container\">\n\t\t\t\t\t\t\t\t\t<ul><li><strong><a href=\"https:\/\/codeq.qroo.gob.mx\/wp-content\/uploads\/2026\/03\/E009.pdf\">E009<\/a> <\/strong><\/li><li><strong><a href=\"https:\/\/codeq.qroo.gob.mx\/wp-content\/uploads\/2026\/03\/E014.pdf\">E014<\/a> <\/strong><\/li><li><strong><a href=\"https:\/\/codeq.qroo.gob.mx\/wp-content\/uploads\/2026\/03\/E057.pdf\">E057<\/a> <\/strong><\/li><li><strong><a href=\"https:\/\/codeq.qroo.gob.mx\/wp-content\/uploads\/2026\/03\/M001.pdf\">M001<\/a> <\/strong><\/li><li><strong><a href=\"https:\/\/codeq.qroo.gob.mx\/wp-content\/uploads\/2026\/03\/Q004.pdf\">Q004<\/a> <\/strong><\/li><li><strong><a href=\"https:\/\/codeq.qroo.gob.mx\/wp-content\/uploads\/2026\/03\/S046.pdf\">S046<\/a> <\/strong><\/li><li><strong><a href=\"https:\/\/codeq.qroo.gob.mx\/wp-content\/uploads\/2026\/03\/S048.pdf\">S048<\/a><\/strong><\/li><\/ul>\t\t\t\t\t\t\t\t<\/div>\n\t\t\t\t<\/div>\n\t\t\t\t\t<\/div>\n\t\t\t\t<\/div>\n\t\t\t\t<\/div>\n\t\t\t\t\t<\/details>\n\t\t\t\t\t\t<details id=\"e-n-accordion-item-2421\" class=\"e-n-accordion-item\" >\n\t\t\t\t<summary class=\"e-n-accordion-item-title\" data-accordion-index=\"2\" tabindex=\"-1\" aria-expanded=\"false\" aria-controls=\"e-n-accordion-item-2421\" >\n\t\t\t\t\t<span class='e-n-accordion-item-title-header'><div class=\"e-n-accordion-item-title-text\"> Reporte General de Integraci\u00f3n program\u00e1tica \u2013 presupuestal con base en la Metodolog\u00eda de Marco L\u00f3gico <\/div><\/span>\n\t\t\t\t\t\t\t<span class='e-n-accordion-item-title-icon'>\n\t\t\t<span class='e-opened' ><svg aria-hidden=\"true\" class=\"e-font-icon-svg e-fas-minus\" viewBox=\"0 0 448 512\" xmlns=\"http:\/\/www.w3.org\/2000\/svg\"><path d=\"M416 208H32c-17.67 0-32 14.33-32 32v32c0 17.67 14.33 32 32 32h384c17.67 0 32-14.33 32-32v-32c0-17.67-14.33-32-32-32z\"><\/path><\/svg><\/span>\n\t\t\t<span class='e-closed'><svg aria-hidden=\"true\" class=\"e-font-icon-svg e-fas-plus\" viewBox=\"0 0 448 512\" xmlns=\"http:\/\/www.w3.org\/2000\/svg\"><path d=\"M416 208H272V64c0-17.67-14.33-32-32-32h-32c-17.67 0-32 14.33-32 32v144H32c-17.67 0-32 14.33-32 32v32c0 17.67 14.33 32 32 32h144v144c0 17.67 14.33 32 32 32h32c17.67 0 32-14.33 32-32V304h144c17.67 0 32-14.33 32-32v-32c0-17.67-14.33-32-32-32z\"><\/path><\/svg><\/span>\n\t\t<\/span>\n\n\t\t\t\t\t\t<\/summary>\n\t\t\t\t<div role=\"region\" aria-labelledby=\"e-n-accordion-item-2421\" class=\"elementor-element elementor-element-77a5938 e-con-full e-flex e-con e-child\" data-id=\"77a5938\" data-element_type=\"container\">\n\t\t<div role=\"region\" aria-labelledby=\"e-n-accordion-item-2421\" class=\"elementor-element elementor-element-a2ea745 e-flex e-con-boxed e-con e-child\" data-id=\"a2ea745\" data-element_type=\"container\">\n\t\t\t\t\t<div class=\"e-con-inner\">\n\t\t\t\t<div class=\"elementor-element elementor-element-b56666a elementor-widget elementor-widget-text-editor\" data-id=\"b56666a\" data-element_type=\"widget\" data-widget_type=\"text-editor.default\">\n\t\t\t\t<div class=\"elementor-widget-container\">\n\t\t\t\t\t\t\t\t\t<ul><li><strong><a href=\"https:\/\/codeq.qroo.gob.mx\/wp-content\/uploads\/2026\/03\/MML-08-E009.pdf\">MML-08 E009<\/a><\/strong><\/li><li><strong> <a href=\"https:\/\/codeq.qroo.gob.mx\/wp-content\/uploads\/2026\/03\/MML-08-E014.pdf\">MML-08 E014<\/a> <\/strong><\/li><li><strong><a href=\"https:\/\/codeq.qroo.gob.mx\/wp-content\/uploads\/2026\/03\/MML-08-E057.pdf\">MML-08 E057<\/a> <\/strong><\/li><li><strong><a href=\"https:\/\/codeq.qroo.gob.mx\/wp-content\/uploads\/2026\/03\/MML-08-M001.pdf\">MML-08 M001<\/a> <\/strong><\/li><li><strong><a href=\"https:\/\/codeq.qroo.gob.mx\/wp-content\/uploads\/2026\/03\/MML-08-Q004.pdf\">MML-08 Q004<\/a> <\/strong><\/li><li><strong><a href=\"https:\/\/codeq.qroo.gob.mx\/wp-content\/uploads\/2026\/03\/MML-08-S046.pdf\">MML-08 S046<\/a> <\/strong><\/li><li><strong><a href=\"https:\/\/codeq.qroo.gob.mx\/wp-content\/uploads\/2026\/03\/MML-08-S048.pdf\">MML-08 S048<\/a><\/strong><\/li><\/ul>\t\t\t\t\t\t\t\t<\/div>\n\t\t\t\t<\/div>\n\t\t\t\t\t<\/div>\n\t\t\t\t<\/div>\n\t\t\t\t<\/div>\n\t\t\t\t\t<\/details>\n\t\t\t\t\t<\/div>\n\t\t\t\t\t\t<\/div>\n\t\t\t\t<\/div>\n\t\t\t\t\t<\/div>\n\t\t\t\t<\/div>\n\t\t<div class=\"elementor-element elementor-element-cc98261 e-flex e-con-boxed e-con e-parent\" data-id=\"cc98261\" data-element_type=\"container\">\n\t\t\t\t\t<div class=\"e-con-inner\">\n\t\t\t\t<div class=\"elementor-element elementor-element-9daa577 elementor-widget-divider--view-line elementor-widget elementor-widget-divider\" data-id=\"9daa577\" data-element_type=\"widget\" data-widget_type=\"divider.default\">\n\t\t\t\t<div class=\"elementor-widget-container\">\n\t\t\t\t\t\t\t<div class=\"elementor-divider\">\n\t\t\t<span class=\"elementor-divider-separator\">\n\t\t\t\t\t\t<\/span>\n\t\t<\/div>\n\t\t\t\t\t\t<\/div>\n\t\t\t\t<\/div>\n\t\t\t\t\t<\/div>\n\t\t\t\t<\/div>\n\t\t\t\t<\/div>\n\t\t","protected":false},"excerpt":{"rendered":"<p>2026 INDICADORES E009 E014 E057 M001 Q004 S046 S048 Reporte General de Integraci\u00f3n program\u00e1tica \u2013 presupuestal con base en la Metodolog\u00eda de Marco L\u00f3gico MML-08 E009 MML-08 E014 MML-08 E057 MML-08 M001 MML-08 Q004 MML-08 S046 MML-08 S048 E009 E014 E057 M001 Q004 S046 S048 MML-08 E009 MML-08 E014 MML-08 E057 MML-08 M001 MML-08 Q004 &#8230; <a title=\"INFORMACI\u00d3N PROGRAM\u00c1TICA\" class=\"read-more\" href=\"https:\/\/codeq.qroo.gob.mx\/index.php\/informacion-programatica\/\" aria-label=\"Leer m\u00e1s sobre INFORMACI\u00d3N PROGRAM\u00c1TICA\">Leer m\u00e1s<\/a><\/p>\n","protected":false},"author":3,"featured_media":0,"parent":0,"menu_order":0,"comment_status":"closed","ping_status":"closed","template":"","meta":{"footnotes":""},"class_list":["post-38451","page","type-page","status-publish"],"yoast_head":"<!-- This site is optimized with the Yoast SEO plugin v25.5 - https:\/\/yoast.com\/wordpress\/plugins\/seo\/ -->\n<title>INFORMACI\u00d3N PROGRAM\u00c1TICA - Comisi\u00f3n del Deporte de Quintana Roo<\/title>\n<meta name=\"robots\" content=\"index, follow, max-snippet:-1, max-image-preview:large, max-video-preview:-1\" \/>\n<link rel=\"canonical\" href=\"https:\/\/codeq.qroo.gob.mx\/index.php\/informacion-programatica\/\" \/>\n<meta property=\"og:locale\" content=\"es_MX\" \/>\n<meta property=\"og:type\" content=\"article\" \/>\n<meta property=\"og:title\" content=\"INFORMACI\u00d3N PROGRAM\u00c1TICA - Comisi\u00f3n del Deporte de Quintana Roo\" \/>\n<meta property=\"og:description\" content=\"2026 INDICADORES E009 E014 E057 M001 Q004 S046 S048 Reporte General de Integraci\u00f3n program\u00e1tica \u2013 presupuestal con base en la Metodolog\u00eda de Marco L\u00f3gico MML-08 E009 MML-08 E014 MML-08 E057 MML-08 M001 MML-08 Q004 MML-08 S046 MML-08 S048 E009 E014 E057 M001 Q004 S046 S048 MML-08 E009 MML-08 E014 MML-08 E057 MML-08 M001 MML-08 Q004 ... Leer m\u00e1s\" \/>\n<meta property=\"og:url\" content=\"https:\/\/codeq.qroo.gob.mx\/index.php\/informacion-programatica\/\" \/>\n<meta property=\"og:site_name\" content=\"Comisi\u00f3n del Deporte de Quintana Roo\" \/>\n<meta property=\"article:modified_time\" content=\"2026-03-19T17:35:51+00:00\" \/>\n<meta name=\"twitter:card\" content=\"summary_large_image\" \/>\n<meta name=\"twitter:label1\" content=\"Tiempo de lectura\" \/>\n\t<meta name=\"twitter:data1\" content=\"1 minuto\" \/>\n<script type=\"application\/ld+json\" class=\"yoast-schema-graph\">{\"@context\":\"https:\/\/schema.org\",\"@graph\":[{\"@type\":\"WebPage\",\"@id\":\"https:\/\/codeq.qroo.gob.mx\/index.php\/informacion-programatica\/\",\"url\":\"https:\/\/codeq.qroo.gob.mx\/index.php\/informacion-programatica\/\",\"name\":\"INFORMACI\u00d3N PROGRAM\u00c1TICA - Comisi\u00f3n del Deporte de Quintana Roo\",\"isPartOf\":{\"@id\":\"https:\/\/codeq.qroo.gob.mx\/#website\"},\"datePublished\":\"2026-03-19T17:26:26+00:00\",\"dateModified\":\"2026-03-19T17:35:51+00:00\",\"breadcrumb\":{\"@id\":\"https:\/\/codeq.qroo.gob.mx\/index.php\/informacion-programatica\/#breadcrumb\"},\"inLanguage\":\"es\",\"potentialAction\":[{\"@type\":\"ReadAction\",\"target\":[\"https:\/\/codeq.qroo.gob.mx\/index.php\/informacion-programatica\/\"]}]},{\"@type\":\"BreadcrumbList\",\"@id\":\"https:\/\/codeq.qroo.gob.mx\/index.php\/informacion-programatica\/#breadcrumb\",\"itemListElement\":[{\"@type\":\"ListItem\",\"position\":1,\"name\":\"Inicio\",\"item\":\"https:\/\/codeq.qroo.gob.mx\/\"},{\"@type\":\"ListItem\",\"position\":2,\"name\":\"INFORMACI\u00d3N PROGRAM\u00c1TICA\"}]},{\"@type\":\"WebSite\",\"@id\":\"https:\/\/codeq.qroo.gob.mx\/#website\",\"url\":\"https:\/\/codeq.qroo.gob.mx\/\",\"name\":\"Comisi\u00f3n del Deporte de Quintana Roo\",\"description\":\"CODEQ\",\"publisher\":{\"@id\":\"https:\/\/codeq.qroo.gob.mx\/#organization\"},\"potentialAction\":[{\"@type\":\"SearchAction\",\"target\":{\"@type\":\"EntryPoint\",\"urlTemplate\":\"https:\/\/codeq.qroo.gob.mx\/?s={search_term_string}\"},\"query-input\":{\"@type\":\"PropertyValueSpecification\",\"valueRequired\":true,\"valueName\":\"search_term_string\"}}],\"inLanguage\":\"es\"},{\"@type\":\"Organization\",\"@id\":\"https:\/\/codeq.qroo.gob.mx\/#organization\",\"name\":\"Comisi\u00f3n del Deporte de Quintana Roo\",\"url\":\"https:\/\/codeq.qroo.gob.mx\/\",\"logo\":{\"@type\":\"ImageObject\",\"inLanguage\":\"es\",\"@id\":\"https:\/\/codeq.qroo.gob.mx\/#\/schema\/logo\/image\/\",\"url\":\"https:\/\/codeq.qroo.gob.mx\/wp-content\/uploads\/2024\/07\/CODEQ.png\",\"contentUrl\":\"https:\/\/codeq.qroo.gob.mx\/wp-content\/uploads\/2024\/07\/CODEQ.png\",\"width\":3000,\"height\":1688,\"caption\":\"Comisi\u00f3n del Deporte de Quintana Roo\"},\"image\":{\"@id\":\"https:\/\/codeq.qroo.gob.mx\/#\/schema\/logo\/image\/\"}}]}<\/script>\n<!-- \/ Yoast SEO plugin. -->","yoast_head_json":{"title":"INFORMACI\u00d3N PROGRAM\u00c1TICA - Comisi\u00f3n del Deporte de Quintana Roo","robots":{"index":"index","follow":"follow","max-snippet":"max-snippet:-1","max-image-preview":"max-image-preview:large","max-video-preview":"max-video-preview:-1"},"canonical":"https:\/\/codeq.qroo.gob.mx\/index.php\/informacion-programatica\/","og_locale":"es_MX","og_type":"article","og_title":"INFORMACI\u00d3N PROGRAM\u00c1TICA - Comisi\u00f3n del Deporte de Quintana Roo","og_description":"2026 INDICADORES E009 E014 E057 M001 Q004 S046 S048 Reporte General de Integraci\u00f3n program\u00e1tica \u2013 presupuestal con base en la Metodolog\u00eda de Marco L\u00f3gico MML-08 E009 MML-08 E014 MML-08 E057 MML-08 M001 MML-08 Q004 MML-08 S046 MML-08 S048 E009 E014 E057 M001 Q004 S046 S048 MML-08 E009 MML-08 E014 MML-08 E057 MML-08 M001 MML-08 Q004 ... Leer m\u00e1s","og_url":"https:\/\/codeq.qroo.gob.mx\/index.php\/informacion-programatica\/","og_site_name":"Comisi\u00f3n del Deporte de Quintana Roo","article_modified_time":"2026-03-19T17:35:51+00:00","twitter_card":"summary_large_image","twitter_misc":{"Tiempo de lectura":"1 minuto"},"schema":{"@context":"https:\/\/schema.org","@graph":[{"@type":"WebPage","@id":"https:\/\/codeq.qroo.gob.mx\/index.php\/informacion-programatica\/","url":"https:\/\/codeq.qroo.gob.mx\/index.php\/informacion-programatica\/","name":"INFORMACI\u00d3N PROGRAM\u00c1TICA - Comisi\u00f3n del Deporte de Quintana Roo","isPartOf":{"@id":"https:\/\/codeq.qroo.gob.mx\/#website"},"datePublished":"2026-03-19T17:26:26+00:00","dateModified":"2026-03-19T17:35:51+00:00","breadcrumb":{"@id":"https:\/\/codeq.qroo.gob.mx\/index.php\/informacion-programatica\/#breadcrumb"},"inLanguage":"es","potentialAction":[{"@type":"ReadAction","target":["https:\/\/codeq.qroo.gob.mx\/index.php\/informacion-programatica\/"]}]},{"@type":"BreadcrumbList","@id":"https:\/\/codeq.qroo.gob.mx\/index.php\/informacion-programatica\/#breadcrumb","itemListElement":[{"@type":"ListItem","position":1,"name":"Inicio","item":"https:\/\/codeq.qroo.gob.mx\/"},{"@type":"ListItem","position":2,"name":"INFORMACI\u00d3N PROGRAM\u00c1TICA"}]},{"@type":"WebSite","@id":"https:\/\/codeq.qroo.gob.mx\/#website","url":"https:\/\/codeq.qroo.gob.mx\/","name":"Comisi\u00f3n del Deporte de Quintana Roo","description":"CODEQ","publisher":{"@id":"https:\/\/codeq.qroo.gob.mx\/#organization"},"potentialAction":[{"@type":"SearchAction","target":{"@type":"EntryPoint","urlTemplate":"https:\/\/codeq.qroo.gob.mx\/?s={search_term_string}"},"query-input":{"@type":"PropertyValueSpecification","valueRequired":true,"valueName":"search_term_string"}}],"inLanguage":"es"},{"@type":"Organization","@id":"https:\/\/codeq.qroo.gob.mx\/#organization","name":"Comisi\u00f3n del Deporte de Quintana Roo","url":"https:\/\/codeq.qroo.gob.mx\/","logo":{"@type":"ImageObject","inLanguage":"es","@id":"https:\/\/codeq.qroo.gob.mx\/#\/schema\/logo\/image\/","url":"https:\/\/codeq.qroo.gob.mx\/wp-content\/uploads\/2024\/07\/CODEQ.png","contentUrl":"https:\/\/codeq.qroo.gob.mx\/wp-content\/uploads\/2024\/07\/CODEQ.png","width":3000,"height":1688,"caption":"Comisi\u00f3n del Deporte de Quintana Roo"},"image":{"@id":"https:\/\/codeq.qroo.gob.mx\/#\/schema\/logo\/image\/"}}]}},"_links":{"self":[{"href":"https:\/\/codeq.qroo.gob.mx\/index.php\/wp-json\/wp\/v2\/pages\/38451","targetHints":{"allow":["GET"]}}],"collection":[{"href":"https:\/\/codeq.qroo.gob.mx\/index.php\/wp-json\/wp\/v2\/pages"}],"about":[{"href":"https:\/\/codeq.qroo.gob.mx\/index.php\/wp-json\/wp\/v2\/types\/page"}],"author":[{"embeddable":true,"href":"https:\/\/codeq.qroo.gob.mx\/index.php\/wp-json\/wp\/v2\/users\/3"}],"replies":[{"embeddable":true,"href":"https:\/\/codeq.qroo.gob.mx\/index.php\/wp-json\/wp\/v2\/comments?post=38451"}],"version-history":[{"count":10,"href":"https:\/\/codeq.qroo.gob.mx\/index.php\/wp-json\/wp\/v2\/pages\/38451\/revisions"}],"predecessor-version":[{"id":38478,"href":"https:\/\/codeq.qroo.gob.mx\/index.php\/wp-json\/wp\/v2\/pages\/38451\/revisions\/38478"}],"wp:attachment":[{"href":"https:\/\/codeq.qroo.gob.mx\/index.php\/wp-json\/wp\/v2\/media?parent=38451"}],"curies":[{"name":"wp","href":"https:\/\/api.w.org\/{rel}","templated":true}]}}