{"id":38223,"date":"2026-03-03T12:31:00","date_gmt":"2026-03-03T17:31:00","guid":{"rendered":"https:\/\/codeq.qroo.gob.mx\/?page_id=38223"},"modified":"2026-04-01T15:29:57","modified_gmt":"2026-04-01T20:29:57","slug":"normatividad-2","status":"publish","type":"page","link":"https:\/\/codeq.qroo.gob.mx\/index.php\/normatividad-2\/","title":{"rendered":"Normatividad"},"content":{"rendered":"\t\t<div data-elementor-type=\"wp-page\" data-elementor-id=\"38223\" class=\"elementor elementor-38223\">\n\t\t\t\t<div class=\"elementor-element elementor-element-bcadcc1 e-flex e-con-boxed e-con e-parent\" data-id=\"bcadcc1\" data-element_type=\"container\">\n\t\t\t\t\t<div class=\"e-con-inner\">\n\t\t\t\t<div class=\"elementor-element elementor-element-63b68ad elementor-widget elementor-widget-spacer\" data-id=\"63b68ad\" data-element_type=\"widget\" data-widget_type=\"spacer.default\">\n\t\t\t\t<div class=\"elementor-widget-container\">\n\t\t\t\t\t\t\t<div class=\"elementor-spacer\">\n\t\t\t<div class=\"elementor-spacer-inner\"><\/div>\n\t\t<\/div>\n\t\t\t\t\t\t<\/div>\n\t\t\t\t<\/div>\n\t\t\t\t\t<\/div>\n\t\t\t\t<\/div>\n\t\t<div class=\"elementor-element elementor-element-5da235f e-flex e-con-boxed e-con e-parent\" data-id=\"5da235f\" data-element_type=\"container\">\n\t\t\t\t\t<div class=\"e-con-inner\">\n\t\t\t\t<div class=\"elementor-element elementor-element-bdf31f8 elementor-widget-divider--view-line elementor-widget elementor-widget-divider\" data-id=\"bdf31f8\" data-element_type=\"widget\" data-widget_type=\"divider.default\">\n\t\t\t\t<div class=\"elementor-widget-container\">\n\t\t\t\t\t\t\t<div class=\"elementor-divider\">\n\t\t\t<span class=\"elementor-divider-separator\">\n\t\t\t\t\t\t<\/span>\n\t\t<\/div>\n\t\t\t\t\t\t<\/div>\n\t\t\t\t<\/div>\n\t\t\t\t\t<\/div>\n\t\t\t\t<\/div>\n\t\t<div class=\"elementor-element elementor-element-556b938 e-flex e-con-boxed e-con e-parent\" data-id=\"556b938\" data-element_type=\"container\">\n\t\t\t\t\t<div class=\"e-con-inner\">\n\t\t\t\t<div class=\"elementor-element elementor-element-8c2cb16 elementor-widget elementor-widget-spacer\" data-id=\"8c2cb16\" data-element_type=\"widget\" data-widget_type=\"spacer.default\">\n\t\t\t\t<div class=\"elementor-widget-container\">\n\t\t\t\t\t\t\t<div class=\"elementor-spacer\">\n\t\t\t<div class=\"elementor-spacer-inner\"><\/div>\n\t\t<\/div>\n\t\t\t\t\t\t<\/div>\n\t\t\t\t<\/div>\n\t\t\t\t\t<\/div>\n\t\t\t\t<\/div>\n\t\t<div class=\"elementor-element elementor-element-302db32 e-flex e-con-boxed e-con e-parent\" data-id=\"302db32\" data-element_type=\"container\">\n\t\t\t\t\t<div class=\"e-con-inner\">\n\t\t\t\t<div class=\"elementor-element elementor-element-b8760a4 elementor-widget elementor-widget-heading\" data-id=\"b8760a4\" data-element_type=\"widget\" data-widget_type=\"heading.default\">\n\t\t\t\t<div class=\"elementor-widget-container\">\n\t\t\t\t\t<h2 class=\"elementor-heading-title elementor-size-default\">Normatividad CODEQ<\/h2>\t\t\t\t<\/div>\n\t\t\t\t<\/div>\n\t\t\t\t\t<\/div>\n\t\t\t\t<\/div>\n\t\t<div class=\"elementor-element elementor-element-1ecf384 e-flex e-con-boxed e-con e-parent\" data-id=\"1ecf384\" data-element_type=\"container\">\n\t\t\t\t\t<div class=\"e-con-inner\">\n\t\t\t\t<div class=\"elementor-element elementor-element-36e35a5 elementor-widget elementor-widget-spacer\" data-id=\"36e35a5\" data-element_type=\"widget\" data-widget_type=\"spacer.default\">\n\t\t\t\t<div class=\"elementor-widget-container\">\n\t\t\t\t\t\t\t<div class=\"elementor-spacer\">\n\t\t\t<div class=\"elementor-spacer-inner\"><\/div>\n\t\t<\/div>\n\t\t\t\t\t\t<\/div>\n\t\t\t\t<\/div>\n\t\t\t\t\t<\/div>\n\t\t\t\t<\/div>\n\t\t<div class=\"elementor-element elementor-element-ee5dd66 e-flex e-con-boxed e-con e-parent\" data-id=\"ee5dd66\" data-element_type=\"container\">\n\t\t\t\t\t<div class=\"e-con-inner\">\n\t\t\t\t<div class=\"elementor-element elementor-element-3693f1e e-n-tabs-mobile elementor-widget elementor-widget-n-tabs\" data-id=\"3693f1e\" data-element_type=\"widget\" data-settings=\"{&quot;horizontal_scroll&quot;:&quot;disable&quot;}\" data-widget_type=\"nested-tabs.default\">\n\t\t\t\t<div class=\"elementor-widget-container\">\n\t\t\t\t\t\t\t<div class=\"e-n-tabs\" data-widget-number=\"57229086\" aria-label=\"Pesta\u00f1as. Abre elementos con Intro o Espacio, ci\u00e9rralos con Escape y navega con las fechas.\">\n\t\t\t<div class=\"e-n-tabs-heading\" role=\"tablist\">\n\t\t\t\t\t<button id=\"e-n-tab-title-572290861\" class=\"e-n-tab-title\" aria-selected=\"true\" data-tab-index=\"1\" role=\"tab\" tabindex=\"0\" aria-controls=\"e-n-tab-content-572290861\" style=\"--n-tabs-title-order: 1;\">\n\t\t\t\t\t\t<span class=\"e-n-tab-title-text\">\n\t\t\t\t\u00c1mbito Federal\t\t\t<\/span>\n\t\t<\/button>\n\t\t\t\t<button id=\"e-n-tab-title-572290862\" class=\"e-n-tab-title\" aria-selected=\"false\" data-tab-index=\"2\" role=\"tab\" tabindex=\"-1\" aria-controls=\"e-n-tab-content-572290862\" style=\"--n-tabs-title-order: 2;\">\n\t\t\t\t\t\t<span class=\"e-n-tab-title-text\">\n\t\t\t\t\u00c1mbito Estatal\t\t\t<\/span>\n\t\t<\/button>\n\t\t\t\t<button id=\"e-n-tab-title-572290863\" class=\"e-n-tab-title\" aria-selected=\"false\" data-tab-index=\"3\" role=\"tab\" tabindex=\"-1\" aria-controls=\"e-n-tab-content-572290863\" style=\"--n-tabs-title-order: 3;\">\n\t\t\t\t\t\t<span class=\"e-n-tab-title-text\">\n\t\t\t\tReglamentos\t\t\t<\/span>\n\t\t<\/button>\n\t\t\t\t\t<\/div>\n\t\t\t<div class=\"e-n-tabs-content\">\n\t\t\t\t<div id=\"e-n-tab-content-572290861\" role=\"tabpanel\" aria-labelledby=\"e-n-tab-title-572290861\" data-tab-index=\"1\" style=\"--n-tabs-title-order: 1;\" class=\"e-active elementor-element elementor-element-0d36b17 e-con-full e-flex e-con e-child\" data-id=\"0d36b17\" data-element_type=\"container\">\n\t\t<div class=\"elementor-element elementor-element-b1fc147 e-flex e-con-boxed e-con e-child\" data-id=\"b1fc147\" data-element_type=\"container\">\n\t\t\t\t\t<div class=\"e-con-inner\">\n\t\t\t\t<div class=\"elementor-element elementor-element-57fed75 elementor-widget elementor-widget-text-editor\" data-id=\"57fed75\" data-element_type=\"widget\" data-widget_type=\"text-editor.default\">\n\t\t\t\t<div class=\"elementor-widget-container\">\n\t\t\t\t\t\t\t\t\t<p>\u00a0<\/p><ol><li><a href=\"https:\/\/codeq.qroo.gob.mx\/wp-content\/uploads\/2026\/03\/1LEY-GENERAL-DE-TRANSPARENCIA-Y-ACCESO-A-LA-INFORMACION-PUBLICA.pdf\">LEY GENERAL DE TRANSPARENCIA Y ACCESO A LA INFORMACI\u00d3N P\u00daBLICA<\/a><\/li><li><a href=\"https:\/\/codeq.qroo.gob.mx\/wp-content\/uploads\/2026\/03\/LEY-GENERAL-DE-RESPONSABILIDADES-ADMINISTRATIVAS.pdf\">LEY GENERAL DE RESPONSABILIDADES ADMINISTRATIVAS<\/a><\/li><li><a href=\"https:\/\/codeq.qroo.gob.mx\/wp-content\/uploads\/2026\/03\/Ley-Gral-de-CF-y-Deporte.pdf\">3. LEY GENERAL DE CULTURA F\u00cdSICA Y DEPORTE<\/a><\/li><li><a href=\"https:\/\/codeq.qroo.gob.mx\/wp-content\/uploads\/2026\/03\/4LEY-GENERAL-DE-CONTABILIDAD-GUBERNAMENTAL.pdf\">LEY GENERAL DE CONTABILIDAD GUBERNAMENTAL<\/a><\/li><li><a href=\"https:\/\/codeq.qroo.gob.mx\/wp-content\/uploads\/2026\/03\/5LEY-FEDERAL-DEL-TRABAJO.pdf\">LEY FEDERAL DEL TRABAJO<\/a><\/li><li><a href=\"https:\/\/codeq.qroo.gob.mx\/wp-content\/uploads\/2026\/03\/6LEY-DEL-IMPUESTO-SOBRE-LA-RENTA.pdf\">LEY DEL IMPUESTO SOBRE LA RENTA<\/a><\/li><li><a href=\"https:\/\/codeq.qroo.gob.mx\/wp-content\/uploads\/2026\/03\/7CONSTITUCION-POLITICA-DE-LOS-ESTADOS-UNIDOS-MEXICANOS.pdf\">CONSTITUCI\u00d3N POL\u00cdTICA DE LOS ESTADOS UNIDOS MEXICANOS<\/a><\/li><li><a href=\"https:\/\/codeq.qroo.gob.mx\/wp-content\/uploads\/2026\/03\/8CODIGO-FISCAL-DE-LA-FEDERACION.pdf\">C\u00d3DIGO FISCAL DE LA FEDERACION<\/a><\/li><li><a href=\"https:\/\/codeq.qroo.gob.mx\/wp-content\/uploads\/2026\/03\/9LEY-GENERAL-DE-ARCHIVOS.pdf\">LEY GENERAL DE ARCHIVOS<\/a><\/li><li><a href=\"https:\/\/codeq.qroo.gob.mx\/wp-content\/uploads\/2026\/03\/10._Lineamientos_Registro_Validaci_n_Instrumentos_Control_ocred.pdf\">10. LINEAMIENTOS GENERALES PARA EL REGISTRO Y VALIDACI\u00d3N DE LOS INSTRUMENTOS DE CONTROL ARCHIV\u00cdSTICO<\/a><\/li><li><a href=\"https:\/\/codeq.qroo.gob.mx\/wp-content\/uploads\/2026\/03\/ACUERDO-QUE-EMITE-LA-METODOLOGIA-PARA-LA-ELABORACION-DE-INSTRUMENTOS-DE-CONTROL-ARCHIVISTICO.pdf\">ACUERDO QUE EMITE LA METODOLOG\u00cdA PARA LA ELABORACI\u00d3N DE INSTRUMENTOS DE CONTROL ARCHIV\u00cdSTICO<\/a><\/li><li><a href=\"https:\/\/codeq.qroo.gob.mx\/wp-content\/uploads\/2026\/03\/MANUAL-DE-PROCEDIMIENTOS-ARCHIVISTICOS-DE-LAS-UNIDADES-OPERATIVAS-DEL-SISTEMA-INSTITUCIONAL-DE-ARCHIVOS.pdf\">MANUAL DE PROCEDIMIENTOS ARCHIV\u00cdSTICOS DE LAS UNIDADES OPERATIVAS DEL SISTEMA INSTITUCIONAL DE ARCHIVOS<\/a><\/li><\/ol>\t\t\t\t\t\t\t\t<\/div>\n\t\t\t\t<\/div>\n\t\t\t\t\t<\/div>\n\t\t\t\t<\/div>\n\t\t\t\t<\/div>\n\t\t<div id=\"e-n-tab-content-572290862\" role=\"tabpanel\" aria-labelledby=\"e-n-tab-title-572290862\" data-tab-index=\"2\" style=\"--n-tabs-title-order: 2;\" class=\" elementor-element elementor-element-f051cfb e-con-full e-flex e-con e-child\" data-id=\"f051cfb\" data-element_type=\"container\">\n\t\t<div class=\"elementor-element elementor-element-3209b8f e-flex e-con-boxed e-con e-child\" data-id=\"3209b8f\" data-element_type=\"container\">\n\t\t\t\t\t<div class=\"e-con-inner\">\n\t\t\t\t<div class=\"elementor-element elementor-element-d364db1 elementor-widget elementor-widget-text-editor\" data-id=\"d364db1\" data-element_type=\"widget\" data-widget_type=\"text-editor.default\">\n\t\t\t\t<div class=\"elementor-widget-container\">\n\t\t\t\t\t\t\t\t\t<p>\u00a0<\/p><ol><li><a href=\"https:\/\/codeq.qroo.gob.mx\/wp-content\/uploads\/2026\/03\/1.CODIGO-CIVIL-PARA-EL-ESTADO-DE-QUINTANA-ROO.pdf\">LEY PARA PREVENIR, ATENDER Y ELIMINAR LA DISCRIMINACI\u00d3N EN EL ESTADO DE QUINTANA ROO<\/a><\/li><li><a href=\"https:\/\/codeq.qroo.gob.mx\/wp-content\/uploads\/2026\/03\/2LEY-PARA-LA-IGUALDAD-ENTRE-MUJERES-Y-HOMBRES-DEL-ESTADO-DE-QUINTANA-ROO.pdf\">LEY PARA LA IGUALDAD ENTRE MUJERES Y HOMBRES DEL ESTADO DE QUINTANA ROO<\/a><\/li><li><a href=\"https:\/\/codeq.qroo.gob.mx\/wp-content\/uploads\/2026\/03\/3LEY-ORGANICA-DE-LA-ADMINISTRACION-PUBLICA-DEL-ESTADO-DE-QUINTANA-ROO.pdf\">LEY ORG\u00c1NICA DE LA ADMINISTRACI\u00d3N P\u00daBLICA DEL ESTADO DE QUINTANA ROO<\/a><\/li><li><a href=\"https:\/\/codeq.qroo.gob.mx\/wp-content\/uploads\/2026\/03\/4LEY-DE-PROTECCION-DE-DATOS-PERSONALES-EN-POSESION-DE-SUJETOS-OBLIGADOS-PARA-EL-ESTADO-DE-QUINTANA-ROO.pdf\">LEY DE PROTECCI\u00d3N DE DATOS PERSONALES EN POSESI\u00d3N DE SUJETOS OBLIGADOS PARA EL ESTADO DE QUINTANA ROO<\/a><\/li><li><a href=\"https:\/\/codeq.qroo.gob.mx\/wp-content\/uploads\/2026\/03\/5LEY-DE-PRESUPUESTO-Y-GASTO-PUBLICO-DEL-ESTADO-DE-QUINTANA-ROO.pdf\">LEY DE PRESUPUESTO Y GASTO PUBLICO DEL ESTADO DE QUINTANA ROO<\/a><\/li><li><a href=\"https:\/\/codeq.qroo.gob.mx\/wp-content\/uploads\/2026\/03\/6LEY-DE-PLANEACION-PARA-EL-DESARROLLO-DEL-ESTADO-DE-QUINTANA-ROO.pdf\">LEY DE PLANEACI\u00d3N PARA EL DESARROLLO DEL ESTADO DE QUINTANA ROO<\/a><\/li><li><a href=\"https:\/\/codeq.qroo.gob.mx\/wp-content\/uploads\/2026\/03\/7LEY-DE-LOS-TRABAJADORES-AL-SERVICIO-DE-LOS-PODERES-LEGISLATIVO-EJECUTIVO-Y-JUDICIAL-DE-LOS-AYUNTAMIENTOS-Y-ORGANISMOS-DESCENTRALIZADOS-DEL-ESTADO-DE-QUINTANA-ROO.pdf\">7. LEY DE LOS TRABAJADORES AL SERVICIO DE LOS PODERES LEGISLATIVO, EJECUTIVO Y JUDICIAL, DE LOS AYUNTAMIENTOS Y ORGANISMOS DESCENTRALIZADOS DEL ESTADO DE QUINTANA ROO<\/a><\/li><li><a href=\"https:\/\/codeq.qroo.gob.mx\/wp-content\/uploads\/2026\/03\/LEY-DE-LAS-ENTIDADES-DE-LA-ADMINISTRACION-PUBLICA-PARAESTATAL-DEL-ESTADO-DE-QUINTANA-ROO.pdf\">LEY DE LAS ENTIDADES DE LA ADMINISTRACI\u00d3N P\u00daBLICA PARAESTATAL DEL ESTADO DE QUINTANA ROO<\/a><\/li><li><a href=\"https:\/\/codeq.qroo.gob.mx\/wp-content\/uploads\/2026\/03\/9LEY-ESTATAL-DE-CULTURA-FISICA-Y-DEPORTE.pdf\">LEY ESTATAL DE CULTURA F\u00cdSICA Y DEPORTE<\/a><\/li><li><a href=\"https:\/\/codeq.qroo.gob.mx\/wp-content\/uploads\/2026\/03\/10LEY-DE-HACIENDA-DEL-ESTADO-DE-QUINTANA-ROO.pdf\">LEY DE HACIENDA DEL ESTADO DE QUINTANA ROO<\/a><\/li><li><a href=\"https:\/\/codeq.qroo.gob.mx\/wp-content\/uploads\/2026\/03\/11LEY-DE-FISCALIZACION-Y-RENDICION-DE-CUENTAS-DEL-ESTADO-DE-QUINTANA-ROO.pdf\">LEY DE FISCALIZACION Y RENDICION DE CUENTAS DEL ESTADO DE QUINTANA <\/a><\/li><li><a href=\"https:\/\/codeq.qroo.gob.mx\/wp-content\/uploads\/2026\/03\/12LEY-DE-ENTREGA-Y-RECEPCION-DE-LOS-PODERES-PUBLICOS-AYUNTAMIENTOS-ORGANOS-PUBLICOS-AUTONOMOS-Y-DE-LAS-ENTIDADES-DE-LA-ADMINISTRACION-PUBLICA-PARAESTATAL-DEL-ESTADO-DE-QUINTANA.pdf\">1. LEY DE ENTREGA Y RECEPCI\u00d3N DE LOS PODERES P\u00daBLICOS, AYUNTAMIENTOS, \u00d3RGANOS P\u00daBLICOS AUT\u00d3NOMOS Y DE LAS ENTIDADES DE LA ADMINISTRACI\u00d3N P\u00daBLICA PARAESTATAL DEL ESTADO DE QUINTANA ROO.<\/a><\/li><li><a href=\"https:\/\/codeq.qroo.gob.mx\/wp-content\/uploads\/2026\/03\/12LEY-DE-ENTREGA-Y-RECEPCION-DE-LOS-PODERES-PUBLICOS-AYUNTAMIENTOS-ORGANOS-PUBLICOS-AUTONOMOS-Y-DE-LAS-ENTIDADES-DE-LA-ADMINISTRACION-PUBLICA-PARAESTATAL-DEL-ESTADO-DE-QUINTANA-1.pdf\">LEY DE ENTREGA Y RECEPCION DE LOS PODERES PUBLICOS AYUNTAMIENTOS ORGANOS PUBLICOS AUTONOMOS Y DE LAS ENTIDADES DE LA ADMINISTRACION PUBLICA PARAESTATAL DEL ESTADO DE QUINTANA ROO<\/a><\/li><li><a href=\"https:\/\/codeq.qroo.gob.mx\/wp-content\/uploads\/2026\/03\/13LEY-DE-ADQUISICIONES-ARRENDAMIENTOS-Y-PRESTACION-DE-SERVICIOS-RELACIONADOS-CON-BIENES-MUEBLES-DEL-ESTADO-DE-QUINTANA-ROO.pdf\">LEY DE ADQUISICIONES ARRENDAMIENTOS Y PRESTACION DE SERVICIOS RELACIONADOS CON BIENES MUEBLES DEL ESTADO DE QUINTANA ROO<\/a><\/li><li><a href=\"https:\/\/codeq.qroo.gob.mx\/wp-content\/uploads\/2026\/03\/14CONSTITUCION-POLITICA-DEL-ESTADO-LIBRE-Y-SOBERANO-DE-QUINTANA-ROO.pdf\">CONSTITUCION POLITICA DEL ESTADO LIBRE Y SOBERANO DE QUINTANA ROO<\/a><\/li><li><a href=\"https:\/\/codeq.qroo.gob.mx\/wp-content\/uploads\/2026\/03\/15CODIGO-PENAL-PARA-EL-ESTADO-LIBRE-Y-SOBERANO-DE-QUINTANA-ROO.pdf\">CODIGO PENAL PARA EL ESTADO LIBRE Y SOBERANO DE QUINTANA ROO<\/a><\/li><li><a href=\"https:\/\/codeq.qroo.gob.mx\/wp-content\/uploads\/2026\/03\/16CODIGO-DE-PROCEDIMIENTOS-CIVILES-PARA-EL-ESTADO-LIBRE-Y-SOBERANO-DE-QUINTANA-ROO.pdf\">CODIGO DE PROCEDIMIENTOS CIVILES PARA EL ESTADO LIBRE Y SOBERANO DE QUINTANA ROO<\/a><\/li><li><a href=\"https:\/\/codeq.qroo.gob.mx\/wp-content\/uploads\/2026\/03\/17CODIGO-DE-ETICA-DE-LAS-PERSONAS-SERVIDORAS-PUBLICAS-ARTICULO-16-DE-LA-LEY-GENERAL-DE-RESPONSABILIDADES-ADMINISTRATIVAS.pdf\">CODIGO DE ETICA DE LAS PERSONAS SERVIDORAS PUBLICAS ARTICULO 16 DE LA LEY GENERAL DE RESPONSABILIDADES ADMINISTRATIVAS<\/a><\/li><li><a href=\"https:\/\/codeq.qroo.gob.mx\/wp-content\/uploads\/2026\/03\/18Codigo-de-Conducta.pdf\">C\u00f3digo de Conducta<\/a><\/li><li><a href=\"https:\/\/codeq.qroo.gob.mx\/wp-content\/uploads\/2026\/03\/19CODIGO-CIVIL-PARA-EL-ESTADO-DE-QUINTANA-ROO.pdf\">CODIGO CIVIL PARA EL ESTADO DE QUINTANA ROO<\/a><\/li><li><a href=\"https:\/\/codeq.qroo.gob.mx\/wp-content\/uploads\/2026\/03\/20LEY-DE-ARCHIVOS-DEL-ESTADO-DE-QUINTANA-ROO.pdf\">LEY DE ARCHIVOS DEL ESTADO DE QUINTANA ROO<\/a><\/li><li><a href=\"https:\/\/codeq.qroo.gob.mx\/wp-content\/uploads\/2026\/03\/REGLAMENTO-INTERIOR-DEL-COJUDEQ.pdf\">REGLAMENTO INTERIOR DEL COJUDEQ<\/a><\/li><li><a href=\"https:\/\/codeq.qroo.gob.mx\/wp-content\/uploads\/2026\/03\/22.-PLAN-ESTATAL-DE-DESARROLLO-2023-2027.pdf\">PLAN ESTATAL DE DESARROLLO 2023-2027<\/a><\/li><\/ol>\t\t\t\t\t\t\t\t<\/div>\n\t\t\t\t<\/div>\n\t\t\t\t\t<\/div>\n\t\t\t\t<\/div>\n\t\t\t\t<\/div>\n\t\t<div id=\"e-n-tab-content-572290863\" role=\"tabpanel\" aria-labelledby=\"e-n-tab-title-572290863\" data-tab-index=\"3\" style=\"--n-tabs-title-order: 3;\" class=\" elementor-element elementor-element-5fefef4 e-con-full e-flex e-con e-child\" data-id=\"5fefef4\" data-element_type=\"container\">\n\t\t<div class=\"elementor-element elementor-element-175768c e-flex e-con-boxed e-con e-child\" data-id=\"175768c\" data-element_type=\"container\">\n\t\t\t\t\t<div class=\"e-con-inner\">\n\t\t\t\t<div class=\"elementor-element elementor-element-494bf8a elementor-widget elementor-widget-text-editor\" data-id=\"494bf8a\" data-element_type=\"widget\" data-widget_type=\"text-editor.default\">\n\t\t\t\t<div class=\"elementor-widget-container\">\n\t\t\t\t\t\t\t\t\t<ul><li><a href=\"https:\/\/codeq.qroo.gob.mx\/wp-content\/uploads\/2026\/04\/1LAS-REGLAS-DE-OPERACIO\u0301N-DEL-PROGRAMA-DE-AL-TO-RENDIMIENTO.pdf\">REGLAS DE OPERACIO\u0301N DEL PROGRAMA DE AL TO RENDIMIENTO<\/a><\/li><li><a href=\"https:\/\/codeq.qroo.gob.mx\/wp-content\/uploads\/2026\/04\/2LAS-REGLAS-DE-OPERACIO\u0301N-DEL-PROGRAMA-DE-CULTURA-FI\u0301SICA.pdf\">REGLAS DE OPERACIO\u0301N DEL PROGRAMA DE CULTURA FI\u0301SICA.<\/a><\/li><\/ul>\t\t\t\t\t\t\t\t<\/div>\n\t\t\t\t<\/div>\n\t\t\t\t\t<\/div>\n\t\t\t\t<\/div>\n\t\t\t\t<\/div>\n\t\t\t\t\t<\/div>\n\t\t<\/div>\n\t\t\t\t\t\t<\/div>\n\t\t\t\t<\/div>\n\t\t\t\t\t<\/div>\n\t\t\t\t<\/div>\n\t\t\t\t<\/div>\n\t\t","protected":false},"excerpt":{"rendered":"<p>Normatividad CODEQ \u00c1mbito Federal \u00c1mbito Estatal Reglamentos \u00a0 LEY GENERAL DE TRANSPARENCIA Y ACCESO A LA INFORMACI\u00d3N P\u00daBLICA LEY GENERAL DE RESPONSABILIDADES ADMINISTRATIVAS 3. LEY GENERAL DE CULTURA F\u00cdSICA Y DEPORTE LEY GENERAL DE CONTABILIDAD GUBERNAMENTAL LEY FEDERAL DEL TRABAJO LEY DEL IMPUESTO SOBRE LA RENTA CONSTITUCI\u00d3N POL\u00cdTICA DE LOS ESTADOS UNIDOS MEXICANOS C\u00d3DIGO FISCAL &#8230; <a title=\"Normatividad\" class=\"read-more\" href=\"https:\/\/codeq.qroo.gob.mx\/index.php\/normatividad-2\/\" aria-label=\"Leer m\u00e1s sobre Normatividad\">Leer m\u00e1s<\/a><\/p>\n","protected":false},"author":3,"featured_media":0,"parent":0,"menu_order":0,"comment_status":"closed","ping_status":"closed","template":"","meta":{"footnotes":""},"class_list":["post-38223","page","type-page","status-publish"],"yoast_head":"<!-- This site is optimized with the Yoast SEO plugin v25.5 - https:\/\/yoast.com\/wordpress\/plugins\/seo\/ -->\n<title>Normatividad - Comisi\u00f3n del Deporte de Quintana Roo<\/title>\n<meta name=\"robots\" content=\"index, follow, max-snippet:-1, max-image-preview:large, max-video-preview:-1\" \/>\n<link rel=\"canonical\" href=\"https:\/\/codeq.qroo.gob.mx\/index.php\/normatividad-2\/\" \/>\n<meta property=\"og:locale\" content=\"es_MX\" \/>\n<meta property=\"og:type\" content=\"article\" \/>\n<meta property=\"og:title\" content=\"Normatividad - Comisi\u00f3n del Deporte de Quintana Roo\" \/>\n<meta property=\"og:description\" content=\"Normatividad CODEQ \u00c1mbito Federal \u00c1mbito Estatal Reglamentos \u00a0 LEY GENERAL DE TRANSPARENCIA Y ACCESO A LA INFORMACI\u00d3N P\u00daBLICA LEY GENERAL DE RESPONSABILIDADES ADMINISTRATIVAS 3. LEY GENERAL DE CULTURA F\u00cdSICA Y DEPORTE LEY GENERAL DE CONTABILIDAD GUBERNAMENTAL LEY FEDERAL DEL TRABAJO LEY DEL IMPUESTO SOBRE LA RENTA CONSTITUCI\u00d3N POL\u00cdTICA DE LOS ESTADOS UNIDOS MEXICANOS C\u00d3DIGO FISCAL ... Leer m\u00e1s\" \/>\n<meta property=\"og:url\" content=\"https:\/\/codeq.qroo.gob.mx\/index.php\/normatividad-2\/\" \/>\n<meta property=\"og:site_name\" content=\"Comisi\u00f3n del Deporte de Quintana Roo\" \/>\n<meta property=\"article:modified_time\" content=\"2026-04-01T20:29:57+00:00\" \/>\n<meta name=\"twitter:card\" content=\"summary_large_image\" \/>\n<meta name=\"twitter:label1\" content=\"Tiempo de lectura\" \/>\n\t<meta name=\"twitter:data1\" content=\"4 minutos\" \/>\n<script type=\"application\/ld+json\" class=\"yoast-schema-graph\">{\"@context\":\"https:\/\/schema.org\",\"@graph\":[{\"@type\":\"WebPage\",\"@id\":\"https:\/\/codeq.qroo.gob.mx\/index.php\/normatividad-2\/\",\"url\":\"https:\/\/codeq.qroo.gob.mx\/index.php\/normatividad-2\/\",\"name\":\"Normatividad - Comisi\u00f3n del Deporte de Quintana Roo\",\"isPartOf\":{\"@id\":\"https:\/\/codeq.qroo.gob.mx\/#website\"},\"datePublished\":\"2026-03-03T17:31:00+00:00\",\"dateModified\":\"2026-04-01T20:29:57+00:00\",\"breadcrumb\":{\"@id\":\"https:\/\/codeq.qroo.gob.mx\/index.php\/normatividad-2\/#breadcrumb\"},\"inLanguage\":\"es\",\"potentialAction\":[{\"@type\":\"ReadAction\",\"target\":[\"https:\/\/codeq.qroo.gob.mx\/index.php\/normatividad-2\/\"]}]},{\"@type\":\"BreadcrumbList\",\"@id\":\"https:\/\/codeq.qroo.gob.mx\/index.php\/normatividad-2\/#breadcrumb\",\"itemListElement\":[{\"@type\":\"ListItem\",\"position\":1,\"name\":\"Inicio\",\"item\":\"https:\/\/codeq.qroo.gob.mx\/\"},{\"@type\":\"ListItem\",\"position\":2,\"name\":\"Normatividad\"}]},{\"@type\":\"WebSite\",\"@id\":\"https:\/\/codeq.qroo.gob.mx\/#website\",\"url\":\"https:\/\/codeq.qroo.gob.mx\/\",\"name\":\"Comisi\u00f3n del Deporte de Quintana Roo\",\"description\":\"CODEQ\",\"publisher\":{\"@id\":\"https:\/\/codeq.qroo.gob.mx\/#organization\"},\"potentialAction\":[{\"@type\":\"SearchAction\",\"target\":{\"@type\":\"EntryPoint\",\"urlTemplate\":\"https:\/\/codeq.qroo.gob.mx\/?s={search_term_string}\"},\"query-input\":{\"@type\":\"PropertyValueSpecification\",\"valueRequired\":true,\"valueName\":\"search_term_string\"}}],\"inLanguage\":\"es\"},{\"@type\":\"Organization\",\"@id\":\"https:\/\/codeq.qroo.gob.mx\/#organization\",\"name\":\"Comisi\u00f3n del Deporte de Quintana Roo\",\"url\":\"https:\/\/codeq.qroo.gob.mx\/\",\"logo\":{\"@type\":\"ImageObject\",\"inLanguage\":\"es\",\"@id\":\"https:\/\/codeq.qroo.gob.mx\/#\/schema\/logo\/image\/\",\"url\":\"https:\/\/codeq.qroo.gob.mx\/wp-content\/uploads\/2024\/07\/CODEQ.png\",\"contentUrl\":\"https:\/\/codeq.qroo.gob.mx\/wp-content\/uploads\/2024\/07\/CODEQ.png\",\"width\":3000,\"height\":1688,\"caption\":\"Comisi\u00f3n del Deporte de Quintana Roo\"},\"image\":{\"@id\":\"https:\/\/codeq.qroo.gob.mx\/#\/schema\/logo\/image\/\"}}]}<\/script>\n<!-- \/ Yoast SEO plugin. -->","yoast_head_json":{"title":"Normatividad - Comisi\u00f3n del Deporte de Quintana Roo","robots":{"index":"index","follow":"follow","max-snippet":"max-snippet:-1","max-image-preview":"max-image-preview:large","max-video-preview":"max-video-preview:-1"},"canonical":"https:\/\/codeq.qroo.gob.mx\/index.php\/normatividad-2\/","og_locale":"es_MX","og_type":"article","og_title":"Normatividad - Comisi\u00f3n del Deporte de Quintana Roo","og_description":"Normatividad CODEQ \u00c1mbito Federal \u00c1mbito Estatal Reglamentos \u00a0 LEY GENERAL DE TRANSPARENCIA Y ACCESO A LA INFORMACI\u00d3N P\u00daBLICA LEY GENERAL DE RESPONSABILIDADES ADMINISTRATIVAS 3. LEY GENERAL DE CULTURA F\u00cdSICA Y DEPORTE LEY GENERAL DE CONTABILIDAD GUBERNAMENTAL LEY FEDERAL DEL TRABAJO LEY DEL IMPUESTO SOBRE LA RENTA CONSTITUCI\u00d3N POL\u00cdTICA DE LOS ESTADOS UNIDOS MEXICANOS C\u00d3DIGO FISCAL ... Leer m\u00e1s","og_url":"https:\/\/codeq.qroo.gob.mx\/index.php\/normatividad-2\/","og_site_name":"Comisi\u00f3n del Deporte de Quintana Roo","article_modified_time":"2026-04-01T20:29:57+00:00","twitter_card":"summary_large_image","twitter_misc":{"Tiempo de lectura":"4 minutos"},"schema":{"@context":"https:\/\/schema.org","@graph":[{"@type":"WebPage","@id":"https:\/\/codeq.qroo.gob.mx\/index.php\/normatividad-2\/","url":"https:\/\/codeq.qroo.gob.mx\/index.php\/normatividad-2\/","name":"Normatividad - Comisi\u00f3n del Deporte de Quintana Roo","isPartOf":{"@id":"https:\/\/codeq.qroo.gob.mx\/#website"},"datePublished":"2026-03-03T17:31:00+00:00","dateModified":"2026-04-01T20:29:57+00:00","breadcrumb":{"@id":"https:\/\/codeq.qroo.gob.mx\/index.php\/normatividad-2\/#breadcrumb"},"inLanguage":"es","potentialAction":[{"@type":"ReadAction","target":["https:\/\/codeq.qroo.gob.mx\/index.php\/normatividad-2\/"]}]},{"@type":"BreadcrumbList","@id":"https:\/\/codeq.qroo.gob.mx\/index.php\/normatividad-2\/#breadcrumb","itemListElement":[{"@type":"ListItem","position":1,"name":"Inicio","item":"https:\/\/codeq.qroo.gob.mx\/"},{"@type":"ListItem","position":2,"name":"Normatividad"}]},{"@type":"WebSite","@id":"https:\/\/codeq.qroo.gob.mx\/#website","url":"https:\/\/codeq.qroo.gob.mx\/","name":"Comisi\u00f3n del Deporte de Quintana Roo","description":"CODEQ","publisher":{"@id":"https:\/\/codeq.qroo.gob.mx\/#organization"},"potentialAction":[{"@type":"SearchAction","target":{"@type":"EntryPoint","urlTemplate":"https:\/\/codeq.qroo.gob.mx\/?s={search_term_string}"},"query-input":{"@type":"PropertyValueSpecification","valueRequired":true,"valueName":"search_term_string"}}],"inLanguage":"es"},{"@type":"Organization","@id":"https:\/\/codeq.qroo.gob.mx\/#organization","name":"Comisi\u00f3n del Deporte de Quintana Roo","url":"https:\/\/codeq.qroo.gob.mx\/","logo":{"@type":"ImageObject","inLanguage":"es","@id":"https:\/\/codeq.qroo.gob.mx\/#\/schema\/logo\/image\/","url":"https:\/\/codeq.qroo.gob.mx\/wp-content\/uploads\/2024\/07\/CODEQ.png","contentUrl":"https:\/\/codeq.qroo.gob.mx\/wp-content\/uploads\/2024\/07\/CODEQ.png","width":3000,"height":1688,"caption":"Comisi\u00f3n del Deporte de Quintana Roo"},"image":{"@id":"https:\/\/codeq.qroo.gob.mx\/#\/schema\/logo\/image\/"}}]}},"_links":{"self":[{"href":"https:\/\/codeq.qroo.gob.mx\/index.php\/wp-json\/wp\/v2\/pages\/38223","targetHints":{"allow":["GET"]}}],"collection":[{"href":"https:\/\/codeq.qroo.gob.mx\/index.php\/wp-json\/wp\/v2\/pages"}],"about":[{"href":"https:\/\/codeq.qroo.gob.mx\/index.php\/wp-json\/wp\/v2\/types\/page"}],"author":[{"embeddable":true,"href":"https:\/\/codeq.qroo.gob.mx\/index.php\/wp-json\/wp\/v2\/users\/3"}],"replies":[{"embeddable":true,"href":"https:\/\/codeq.qroo.gob.mx\/index.php\/wp-json\/wp\/v2\/comments?post=38223"}],"version-history":[{"count":52,"href":"https:\/\/codeq.qroo.gob.mx\/index.php\/wp-json\/wp\/v2\/pages\/38223\/revisions"}],"predecessor-version":[{"id":38519,"href":"https:\/\/codeq.qroo.gob.mx\/index.php\/wp-json\/wp\/v2\/pages\/38223\/revisions\/38519"}],"wp:attachment":[{"href":"https:\/\/codeq.qroo.gob.mx\/index.php\/wp-json\/wp\/v2\/media?parent=38223"}],"curies":[{"name":"wp","href":"https:\/\/api.w.org\/{rel}","templated":true}]}}